{"id":281,"date":"2021-11-29T09:02:27","date_gmt":"2021-11-29T08:02:27","guid":{"rendered":"http:\/\/claireschmittmoeglin-psy.fr\/?page_id=281"},"modified":"2023-05-31T11:35:47","modified_gmt":"2023-05-31T09:35:47","slug":"reseau-autisme-psychologues-en-liberal-specialises","status":"publish","type":"page","link":"https:\/\/claireschmittmoeglin-psy.fr\/?page_id=281","title":{"rendered":"R\u00e9seau TSA &#8211; Psychologues en Lib\u00e9ral Sp\u00e9cialis\u00e9s"},"content":{"rendered":"\n<p>Les <strong>psychologues lib\u00e9raux<\/strong> sp\u00e9cialis\u00e9s dans les TSA et exer\u00e7ant en Alsace s\u2019organisent en r\u00e9seau !<\/p>\n\n\n\n<p>Notre r\u00e9seau a pour vocations :<br>&#8211; d&rsquo;entretenir des <strong>liens entre professionnels<\/strong> pour am\u00e9liorer nos pratiques et les tenir \u00e0 jour dans le respect des recommandations de la HAS,<br>&#8211; de favoriser les partenariats pour un <strong>accompagnement pluridisciplinaire<\/strong> des patients,<br>&#8211; de<strong> permettre une lisibilit\u00e9<\/strong> aupr\u00e8s des patients pour leur choix d&rsquo;accompagnement.<\/p>\n\n\n\n<p>Voici les coordonn\u00e9es des membres du r\u00e9seau.<br>Ils sont class\u00e9s par zone g\u00e9ographique, du nord au sud de l\u2019Alsace.<br>Les propositions th\u00e9rapeutiques sont pr\u00e9cis\u00e9es, distinguant les activit\u00e9s de bilan et d\u2019accompagnement.<\/p>\n\n\n\n<p>Liste compl\u00e8te mise \u00e0 jour ici (Janvier 2023): <\/p>\n\n\n\n<figure class=\"wp-block-embed-wordpress wp-block-embed is-type-wp-embed is-provider-emilie-koechlin\"><div class=\"wp-block-embed__wrapper\">\n<blockquote class=\"wp-embedded-content\" data-secret=\"fuhiz36D1c\"><a href=\"http:\/\/e.koechlin.koocotte.org\/reseau-autisme\/\">R\u00e9seau autisme<\/a><\/blockquote><iframe loading=\"lazy\" class=\"wp-embedded-content\" sandbox=\"allow-scripts\" security=\"restricted\" style=\"position: absolute; clip: rect(1px, 1px, 1px, 1px);\" title=\"\u00ab\u00a0R\u00e9seau autisme\u00a0\u00bb &#8212; Emilie Koechlin\" src=\"http:\/\/e.koechlin.koocotte.org\/reseau-autisme\/embed\/#?secret=r6yEpsQaYt#?secret=fuhiz36D1c\" data-secret=\"fuhiz36D1c\" width=\"525\" height=\"296\" frameborder=\"0\" marginwidth=\"0\" marginheight=\"0\" scrolling=\"no\"><\/iframe>\n<\/div><\/figure>\n\n\n\n<figure class=\"wp-block-gallery has-nested-images columns-default is-cropped wp-block-gallery-1 is-layout-flex wp-block-gallery-is-layout-flex\"><\/figure>\n\n\n\n<p><\/p>\n","protected":false},"excerpt":{"rendered":"<p>Les psychologues lib\u00e9raux sp\u00e9cialis\u00e9s dans les TSA et exer\u00e7ant en Alsace s\u2019organisent en r\u00e9seau ! Notre r\u00e9seau a pour vocations :&#8211; d&rsquo;entretenir des liens entre professionnels pour am\u00e9liorer nos pratiques et les tenir \u00e0 jour dans le respect des recommandations de la HAS,&#8211; de favoriser les partenariats pour un accompagnement pluridisciplinaire des patients,&#8211; de permettre &hellip; <\/p>\n<p class=\"link-more\"><a href=\"https:\/\/claireschmittmoeglin-psy.fr\/?page_id=281\" class=\"more-link\">Continuer la lecture<span class=\"screen-reader-text\"> de &laquo;&nbsp;R\u00e9seau TSA &#8211; Psychologues en Lib\u00e9ral Sp\u00e9cialis\u00e9s&nbsp;&raquo;<\/span><\/a><\/p>\n","protected":false},"author":1,"featured_media":0,"parent":0,"menu_order":0,"comment_status":"closed","ping_status":"closed","template":"","meta":{"footnotes":""},"class_list":["post-281","page","type-page","status-publish","hentry"],"_links":{"self":[{"href":"https:\/\/claireschmittmoeglin-psy.fr\/index.php?rest_route=\/wp\/v2\/pages\/281","targetHints":{"allow":["GET"]}}],"collection":[{"href":"https:\/\/claireschmittmoeglin-psy.fr\/index.php?rest_route=\/wp\/v2\/pages"}],"about":[{"href":"https:\/\/claireschmittmoeglin-psy.fr\/index.php?rest_route=\/wp\/v2\/types\/page"}],"author":[{"embeddable":true,"href":"https:\/\/claireschmittmoeglin-psy.fr\/index.php?rest_route=\/wp\/v2\/users\/1"}],"replies":[{"embeddable":true,"href":"https:\/\/claireschmittmoeglin-psy.fr\/index.php?rest_route=%2Fwp%2Fv2%2Fcomments&post=281"}],"version-history":[{"count":4,"href":"https:\/\/claireschmittmoeglin-psy.fr\/index.php?rest_route=\/wp\/v2\/pages\/281\/revisions"}],"predecessor-version":[{"id":304,"href":"https:\/\/claireschmittmoeglin-psy.fr\/index.php?rest_route=\/wp\/v2\/pages\/281\/revisions\/304"}],"wp:attachment":[{"href":"https:\/\/claireschmittmoeglin-psy.fr\/index.php?rest_route=%2Fwp%2Fv2%2Fmedia&parent=281"}],"curies":[{"name":"wp","href":"https:\/\/api.w.org\/{rel}","templated":true}]}}