{"id":331,"date":"2024-07-01T19:31:02","date_gmt":"2024-07-01T17:31:02","guid":{"rendered":"https:\/\/claireschmittmoeglin-psy.fr\/?page_id=331"},"modified":"2024-09-17T22:23:43","modified_gmt":"2024-09-17T20:23:43","slug":"mes-collaboratrices","status":"publish","type":"page","link":"https:\/\/claireschmittmoeglin-psy.fr\/?page_id=331","title":{"rendered":"Mes collaboratrices"},"content":{"rendered":"\n<p>Il arrive que je ne sois plus en mesure de donner de nouveaux rendez-vous.<\/p>\n\n\n\n<p>J\u2019ai alors d\u00e9cid\u00e9 de travailler en accueillant des collaboratrices au cabinet.<\/p>\n\n\n\n<p>Ainsi, <strong>Laura BISCHOFF<\/strong> m\u2019a rejointe en juillet 2022 et <strong>Ma\u00eblys REINHARD<\/strong> en juin 2024.<\/p>\n\n\n\n<p>Laura et Ma\u00eblys utilisent, toutes deux, des m\u00e9dias ludiques et p\u00e9dagogiques ainsi que des m\u00e9thodes et outils valid\u00e9s scientifiquement, permettant de construire un accompagnement adapt\u00e9 aux besoins de la personne. &nbsp;<\/p>\n\n\n\n<p>Afin de r\u00e9pondre au mieux \u00e0 vos besoins voici une br\u00e8ve pr\u00e9sentation \u2026 N\u2019h\u00e9sitez pas \u00e0 les contacter&nbsp;!<\/p>\n\n\n\n<figure class=\"wp-block-image size-full is-resized\"><img loading=\"lazy\" decoding=\"async\" width=\"505\" height=\"505\" src=\"https:\/\/claireschmittmoeglin-psy.fr\/wp-content\/uploads\/2024\/07\/image-edited-1.webp\" alt=\"L\u2019attribut alt de cette image est vide, son nom de fichier est Laura-576x1024.webp.\" class=\"wp-image-343\" style=\"width:204px;height:auto\" srcset=\"https:\/\/claireschmittmoeglin-psy.fr\/wp-content\/uploads\/2024\/07\/image-edited-1.webp 505w, https:\/\/claireschmittmoeglin-psy.fr\/wp-content\/uploads\/2024\/07\/image-edited-1-300x300.webp 300w, https:\/\/claireschmittmoeglin-psy.fr\/wp-content\/uploads\/2024\/07\/image-edited-1-150x150.webp 150w, https:\/\/claireschmittmoeglin-psy.fr\/wp-content\/uploads\/2024\/07\/image-edited-1-100x100.webp 100w\" sizes=\"auto, (max-width: 505px) 100vw, 505px\" \/><\/figure>\n\n\n\n<p><strong>Laura BISCHOFF<\/strong> est psychologue clinicienne du d\u00e9veloppement.&nbsp;<\/p>\n\n\n\n<p>Elle accueille au cabinet des enfants et des adolescents, avec ou sans atypicit\u00e9s de d\u00e9veloppement et leurs familles. Elle accompagne \u00e9galement des adultes ayant un diagnostic de Troubles du NeuroD\u00e9veloppement (TND). &nbsp;<\/p>\n\n\n\n<p>Form\u00e9e \u00e0 la guidance parentale, elle accompagne les familles dans leurs questionnements et peut proposer, si besoin, des programmes de psycho\u00e9ducation structur\u00e9s.<\/p>\n\n\n\n<p>Laura r\u00e9alise des bilans psychologiques pour \u00e9clairer l&rsquo;origine de difficult\u00e9s scolaires ou la suspicion de Troubles du NeuroD\u00e9veloppement notamment les Troubles Sp\u00e9cifiques des Apprentissages, les Troubles De l\u2019Attention avec ou sans Hyperactivit\u00e9. Laura fait partie du R\u00e9seau Psy Lib &nbsp;Alsace TSA et r\u00e9alise des bilans sp\u00e9cifiques dans le cadre du d\u00e9pistage des TSA.<\/p>\n\n\n\n<p>Vous retrouverez l\u2019enti\u00e8ret\u00e9 des informations sur son site&nbsp;: <a href=\"https:\/\/laura-bischoff-psychologue.fr\/\"> https:\/\/laura-bischoff-psychologue.fr\/<\/a><\/p>\n\n\n\n<p>Vous pouvez \u00e9galement la contacter par mail&nbsp;: laura.bischoff.psy@gmail.com<\/p>\n\n\n\n<p>SMS et appel&nbsp;au&nbsp;: 06.98.44.51.18<\/p>\n\n\n\n<figure class=\"wp-block-image size-full is-resized\"><img loading=\"lazy\" decoding=\"async\" width=\"300\" height=\"300\" src=\"https:\/\/claireschmittmoeglin-psy.fr\/wp-content\/uploads\/2024\/07\/Maelys.jpeg\" alt=\"\" class=\"wp-image-333\" style=\"width:202px;height:auto\" srcset=\"https:\/\/claireschmittmoeglin-psy.fr\/wp-content\/uploads\/2024\/07\/Maelys.jpeg 300w, https:\/\/claireschmittmoeglin-psy.fr\/wp-content\/uploads\/2024\/07\/Maelys-150x150.jpeg 150w, https:\/\/claireschmittmoeglin-psy.fr\/wp-content\/uploads\/2024\/07\/Maelys-100x100.jpeg 100w\" sizes=\"auto, (max-width: 300px) 100vw, 300px\" \/><\/figure>\n\n\n\n<p><strong>Ma\u00eblys REINHARD<\/strong> est psychologue clinicienne du d\u00e9veloppement.&nbsp;<\/p>\n\n\n\n<p>Elle accueille au cabinet des enfants et des adolescents, avec ou sans probl\u00e9matiques anxieuses et atypicit\u00e9s de d\u00e9veloppement. Sensibilis\u00e9e \u00e0 la guidance parentale, elle accompagne les familles dans leurs questionnements.<\/p>\n\n\n\n<p>Ma\u00eblys r\u00e9alise des bilans psychologiques pour \u00e9clairer l&rsquo;origine de difficult\u00e9s scolaires, suspicion de Troubles du NeuroD\u00e9veloppement notamment les Troubles Sp\u00e9cifiques des Apprentissages, les Troubles De l&rsquo;Attention avec ou sans Hyperactivit\u00e9 et le Trouble du D\u00e9veloppement Intellectuel. <\/p>\n\n\n\n<p>Vous retrouverez l\u2019enti\u00e8ret\u00e9 des informations sur son site et prendre RDV : <a href=\"https:\/\/perfactive.fr\/psychologue-clinicienne\/selestat\/maelys-reinhard\">https:\/\/perfactive.fr\/psychologue-clinicienne\/selestat\/maelys-reinhard<\/a><\/p>\n\n\n\n<p>Vous pouvez \u00e9galement la contacter par mail&nbsp;: <a href=\"mailto:maelys.reinhard@outlook.fr\">maelys.reinhard@outlook.fr<\/a><\/p>\n\n\n\n<p>SMS et appel\u00a0au\u00a0: 06.76.63.58.99<\/p>\n","protected":false},"excerpt":{"rendered":"<p>Il arrive que je ne sois plus en mesure de donner de nouveaux rendez-vous. J\u2019ai alors d\u00e9cid\u00e9 de travailler en accueillant des collaboratrices au cabinet. Ainsi, Laura BISCHOFF m\u2019a rejointe en juillet 2022 et Ma\u00eblys REINHARD en juin 2024. Laura et Ma\u00eblys utilisent, toutes deux, des m\u00e9dias ludiques et p\u00e9dagogiques ainsi que des m\u00e9thodes et &hellip; <\/p>\n<p class=\"link-more\"><a href=\"https:\/\/claireschmittmoeglin-psy.fr\/?page_id=331\" class=\"more-link\">Continuer la lecture<span class=\"screen-reader-text\"> de &laquo;&nbsp;Mes collaboratrices&nbsp;&raquo;<\/span><\/a><\/p>\n","protected":false},"author":1,"featured_media":0,"parent":0,"menu_order":0,"comment_status":"closed","ping_status":"closed","template":"","meta":{"footnotes":""},"class_list":["post-331","page","type-page","status-publish","hentry"],"_links":{"self":[{"href":"https:\/\/claireschmittmoeglin-psy.fr\/index.php?rest_route=\/wp\/v2\/pages\/331","targetHints":{"allow":["GET"]}}],"collection":[{"href":"https:\/\/claireschmittmoeglin-psy.fr\/index.php?rest_route=\/wp\/v2\/pages"}],"about":[{"href":"https:\/\/claireschmittmoeglin-psy.fr\/index.php?rest_route=\/wp\/v2\/types\/page"}],"author":[{"embeddable":true,"href":"https:\/\/claireschmittmoeglin-psy.fr\/index.php?rest_route=\/wp\/v2\/users\/1"}],"replies":[{"embeddable":true,"href":"https:\/\/claireschmittmoeglin-psy.fr\/index.php?rest_route=%2Fwp%2Fv2%2Fcomments&post=331"}],"version-history":[{"count":9,"href":"https:\/\/claireschmittmoeglin-psy.fr\/index.php?rest_route=\/wp\/v2\/pages\/331\/revisions"}],"predecessor-version":[{"id":349,"href":"https:\/\/claireschmittmoeglin-psy.fr\/index.php?rest_route=\/wp\/v2\/pages\/331\/revisions\/349"}],"wp:attachment":[{"href":"https:\/\/claireschmittmoeglin-psy.fr\/index.php?rest_route=%2Fwp%2Fv2%2Fmedia&parent=331"}],"curies":[{"name":"wp","href":"https:\/\/api.w.org\/{rel}","templated":true}]}}