{"id":355,"date":"2025-08-20T18:41:33","date_gmt":"2025-08-20T16:41:33","guid":{"rendered":"https:\/\/claireschmittmoeglin-psy.fr\/?page_id=355"},"modified":"2025-08-20T18:55:20","modified_gmt":"2025-08-20T16:55:20","slug":"cpts-centre-alsace","status":"publish","type":"page","link":"https:\/\/claireschmittmoeglin-psy.fr\/?page_id=355","title":{"rendered":"CPTS &#8211; Centre Alsace"},"content":{"rendered":"\n<p>Communaut\u00e9 Professionnelle Territoriale de Sant\u00e9 de Centre Alsace<\/p>\n\n\n<div class=\"wp-block-image\">\n<figure class=\"aligncenter size-full\"><img loading=\"lazy\" decoding=\"async\" width=\"136\" height=\"126\" src=\"https:\/\/claireschmittmoeglin-psy.fr\/wp-content\/uploads\/2025\/08\/image.png\" alt=\"\" class=\"wp-image-358\"\/><\/figure><\/div>\n\n\n<p>La CPTS Centre Alsace est une\u00a0association de droit local &#8211; loi 1908.<\/p>\n\n\n\n<p>Cr\u00e9\u00e9e en juin 2021, la <strong>CPTS Centre Alsace<\/strong> a pour vocation de\u00a0<strong>r\u00e9unir les professionnels de sant\u00e9 lib\u00e9raux <\/strong>ainsi que des<strong> partenaires <\/strong>(\u00e9tablissements sanitaires, m\u00e9dicaux sociaux, etc.) <strong>autour d\u2019un projet de sant\u00e9 commun<\/strong> dont les objectifs sont de mieux se coordonner face aux probl\u00e9matiques de sant\u00e9 des patients du territoire\u00a0et d\u2019am\u00e9liorer l\u2019acc\u00e8s aux soins sur le territoire.<\/p>\n\n\n\n<p>Vous trouverez de nombreuses ressources, notamment sur les <strong>Troubles du NeuroD\u00e9veloppement (TND)<\/strong> \u00e0 destination des enseignants et des professionnels de sant\u00e9, ainsi que sur la <strong>sant\u00e9 de la femme<\/strong> et la <strong>p\u00e9rinatalit\u00e9<\/strong>.<strong> <\/strong><\/p>\n\n\n\n<p><a href=\"https:\/\/cpts-centre-alsace.fr\">https:\/\/cpts-centre-alsace.fr<\/a><\/p>\n\n\n\n<p><a href=\"https:\/\/cpts-centre-alsace.fr\/notre-projet-de-sante\/troubles-du-neurodeveloppement\">https:\/\/cpts-centre-alsace.fr\/notre-projet-de-sante\/troubles-du-neurodeveloppement<\/a><\/p>\n\n\n\n<p><a href=\"https:\/\/cpts-centre-alsace.fr\/sante-de-la-femme-et-perinatalite\">https:\/\/cpts-centre-alsace.fr\/sante-de-la-femme-et-perinatalite<\/a><\/p>\n\n\n\n<p><\/p>\n","protected":false},"excerpt":{"rendered":"<p>Communaut\u00e9 Professionnelle Territoriale de Sant\u00e9 de Centre Alsace La CPTS Centre Alsace est une\u00a0association de droit local &#8211; loi 1908. Cr\u00e9\u00e9e en juin 2021, la CPTS Centre Alsace a pour vocation de\u00a0r\u00e9unir les professionnels de sant\u00e9 lib\u00e9raux ainsi que des partenaires (\u00e9tablissements sanitaires, m\u00e9dicaux sociaux, etc.) autour d\u2019un projet de sant\u00e9 commun dont les objectifs &hellip; <\/p>\n<p class=\"link-more\"><a href=\"https:\/\/claireschmittmoeglin-psy.fr\/?page_id=355\" class=\"more-link\">Continuer la lecture<span class=\"screen-reader-text\"> de &laquo;&nbsp;CPTS &#8211; Centre Alsace&nbsp;&raquo;<\/span><\/a><\/p>\n","protected":false},"author":1,"featured_media":0,"parent":0,"menu_order":0,"comment_status":"closed","ping_status":"closed","template":"","meta":{"footnotes":""},"class_list":["post-355","page","type-page","status-publish","hentry"],"_links":{"self":[{"href":"https:\/\/claireschmittmoeglin-psy.fr\/index.php?rest_route=\/wp\/v2\/pages\/355","targetHints":{"allow":["GET"]}}],"collection":[{"href":"https:\/\/claireschmittmoeglin-psy.fr\/index.php?rest_route=\/wp\/v2\/pages"}],"about":[{"href":"https:\/\/claireschmittmoeglin-psy.fr\/index.php?rest_route=\/wp\/v2\/types\/page"}],"author":[{"embeddable":true,"href":"https:\/\/claireschmittmoeglin-psy.fr\/index.php?rest_route=\/wp\/v2\/users\/1"}],"replies":[{"embeddable":true,"href":"https:\/\/claireschmittmoeglin-psy.fr\/index.php?rest_route=%2Fwp%2Fv2%2Fcomments&post=355"}],"version-history":[{"count":5,"href":"https:\/\/claireschmittmoeglin-psy.fr\/index.php?rest_route=\/wp\/v2\/pages\/355\/revisions"}],"predecessor-version":[{"id":363,"href":"https:\/\/claireschmittmoeglin-psy.fr\/index.php?rest_route=\/wp\/v2\/pages\/355\/revisions\/363"}],"wp:attachment":[{"href":"https:\/\/claireschmittmoeglin-psy.fr\/index.php?rest_route=%2Fwp%2Fv2%2Fmedia&parent=355"}],"curies":[{"name":"wp","href":"https:\/\/api.w.org\/{rel}","templated":true}]}}