{"id":68,"date":"2019-09-11T21:09:40","date_gmt":"2019-09-11T19:09:40","guid":{"rendered":"http:\/\/claireschmittmoeglin-psy.fr\/?page_id=68"},"modified":"2024-03-08T14:24:16","modified_gmt":"2024-03-08T13:24:16","slug":"accompagnement-familial-et-guidance-parentale","status":"publish","type":"page","link":"https:\/\/claireschmittmoeglin-psy.fr\/?page_id=68","title":{"rendered":"Accompagnement familial et Guidance parentale"},"content":{"rendered":"\n<p>La guidance parentale a pour but de soutenir et d&rsquo;orienter tout parent dans son r\u00f4le , en lui permettant de comprendre pour mieux agir.<\/p>\n\n\n\n<p>Cet accompagnement offre un espace permettant de faire \u00e9merger les comp\u00e9tences de chacun  et de trouver un soutien face aux difficult\u00e9s rencontr\u00e9es en famille.<\/p>\n\n\n\n<figure class=\"wp-block-image size-large\"><img loading=\"lazy\" decoding=\"async\" width=\"1024\" height=\"495\" src=\"https:\/\/claireschmittmoeglin-psy.fr\/wp-content\/uploads\/2020\/12\/image-2-1024x495.png\" alt=\"\" class=\"wp-image-277\" srcset=\"https:\/\/claireschmittmoeglin-psy.fr\/wp-content\/uploads\/2020\/12\/image-2-1024x495.png 1024w, https:\/\/claireschmittmoeglin-psy.fr\/wp-content\/uploads\/2020\/12\/image-2-300x145.png 300w, https:\/\/claireschmittmoeglin-psy.fr\/wp-content\/uploads\/2020\/12\/image-2-768x371.png 768w, https:\/\/claireschmittmoeglin-psy.fr\/wp-content\/uploads\/2020\/12\/image-2.png 1259w\" sizes=\"auto, (max-width: 767px) 89vw, (max-width: 1000px) 54vw, (max-width: 1071px) 543px, 580px\" \/><figcaption class=\"wp-element-caption\">Isabelle ROZKAM   \u00ab\u00a0Le Burn-Out Parental: l&rsquo;\u00e9viter et s&rsquo;en sortir.\u00a0\u00bb<\/figcaption><\/figure>\n\n\n\n<figure class=\"wp-block-image size-large\"><img loading=\"lazy\" decoding=\"async\" width=\"1024\" height=\"735\" src=\"https:\/\/claireschmittmoeglin-psy.fr\/wp-content\/uploads\/2024\/03\/Capture-decran-2024-03-08-142302-1024x735.png\" alt=\"\" class=\"wp-image-315\" srcset=\"https:\/\/claireschmittmoeglin-psy.fr\/wp-content\/uploads\/2024\/03\/Capture-decran-2024-03-08-142302-1024x735.png 1024w, https:\/\/claireschmittmoeglin-psy.fr\/wp-content\/uploads\/2024\/03\/Capture-decran-2024-03-08-142302-300x215.png 300w, https:\/\/claireschmittmoeglin-psy.fr\/wp-content\/uploads\/2024\/03\/Capture-decran-2024-03-08-142302-768x551.png 768w, https:\/\/claireschmittmoeglin-psy.fr\/wp-content\/uploads\/2024\/03\/Capture-decran-2024-03-08-142302.png 1168w\" sizes=\"auto, (max-width: 767px) 89vw, (max-width: 1000px) 54vw, (max-width: 1071px) 543px, 580px\" \/><\/figure>\n","protected":false},"excerpt":{"rendered":"<p>La guidance parentale a pour but de soutenir et d&rsquo;orienter tout parent dans son r\u00f4le , en lui permettant de comprendre pour mieux agir. Cet accompagnement offre un espace permettant de faire \u00e9merger les comp\u00e9tences de chacun et de trouver un soutien face aux difficult\u00e9s rencontr\u00e9es en famille.<\/p>\n","protected":false},"author":1,"featured_media":0,"parent":0,"menu_order":0,"comment_status":"closed","ping_status":"closed","template":"","meta":{"footnotes":""},"class_list":["post-68","page","type-page","status-publish","hentry"],"_links":{"self":[{"href":"https:\/\/claireschmittmoeglin-psy.fr\/index.php?rest_route=\/wp\/v2\/pages\/68","targetHints":{"allow":["GET"]}}],"collection":[{"href":"https:\/\/claireschmittmoeglin-psy.fr\/index.php?rest_route=\/wp\/v2\/pages"}],"about":[{"href":"https:\/\/claireschmittmoeglin-psy.fr\/index.php?rest_route=\/wp\/v2\/types\/page"}],"author":[{"embeddable":true,"href":"https:\/\/claireschmittmoeglin-psy.fr\/index.php?rest_route=\/wp\/v2\/users\/1"}],"replies":[{"embeddable":true,"href":"https:\/\/claireschmittmoeglin-psy.fr\/index.php?rest_route=%2Fwp%2Fv2%2Fcomments&post=68"}],"version-history":[{"count":5,"href":"https:\/\/claireschmittmoeglin-psy.fr\/index.php?rest_route=\/wp\/v2\/pages\/68\/revisions"}],"predecessor-version":[{"id":316,"href":"https:\/\/claireschmittmoeglin-psy.fr\/index.php?rest_route=\/wp\/v2\/pages\/68\/revisions\/316"}],"wp:attachment":[{"href":"https:\/\/claireschmittmoeglin-psy.fr\/index.php?rest_route=%2Fwp%2Fv2%2Fmedia&parent=68"}],"curies":[{"name":"wp","href":"https:\/\/api.w.org\/{rel}","templated":true}]}}