{"id":74,"date":"2019-09-11T21:05:24","date_gmt":"2019-09-11T19:05:24","guid":{"rendered":"http:\/\/claireschmittmoeglin-psy.fr\/?page_id=74"},"modified":"2022-02-15T19:53:12","modified_gmt":"2022-02-15T18:53:12","slug":"remediation-cognitive","status":"publish","type":"page","link":"https:\/\/claireschmittmoeglin-psy.fr\/?page_id=74","title":{"rendered":"Rem\u00e9diation cognitive"},"content":{"rendered":"\n<p><strong>La rem\u00e9diation cognitive propos\u00e9e s&rsquo;adresse aux enfants et aux adolescents ayant des difficult\u00e9s scolaires et\/ou des troubles des apprentissages. <\/strong><\/p>\n\n\n\n<p>Cet entrainement intellectuel, appuy\u00e9 sur les forces de l&rsquo;enfant,  vise \u00e0 am\u00e9liorer les capacit\u00e9s de l&rsquo;enfant dans les domaines o\u00f9 les troubles apparaissent.  Il se compose la plupart du temps de jeux et d\u2019exercices,  tous cibl\u00e9s sur les fonctions cibl\u00e9es. <\/p>\n\n\n\n<p>Les acquis du travail en cabinet peuvent \u00eatre repris en famille ou \u00e0 l&rsquo;\u00e9cole, consolidant ainsi  le transfert des  apprentissages.<\/p>\n","protected":false},"excerpt":{"rendered":"<p>La rem\u00e9diation cognitive propos\u00e9e s&rsquo;adresse aux enfants et aux adolescents ayant des difficult\u00e9s scolaires et\/ou des troubles des apprentissages. Cet entrainement intellectuel, appuy\u00e9 sur les forces de l&rsquo;enfant, vise \u00e0 am\u00e9liorer les capacit\u00e9s de l&rsquo;enfant dans les domaines o\u00f9 les troubles apparaissent. Il se compose la plupart du temps de jeux et d\u2019exercices, tous cibl\u00e9s &hellip; <\/p>\n<p class=\"link-more\"><a href=\"https:\/\/claireschmittmoeglin-psy.fr\/?page_id=74\" class=\"more-link\">Continuer la lecture<span class=\"screen-reader-text\"> de &laquo;&nbsp;Rem\u00e9diation cognitive&nbsp;&raquo;<\/span><\/a><\/p>\n","protected":false},"author":1,"featured_media":0,"parent":0,"menu_order":0,"comment_status":"closed","ping_status":"closed","template":"","meta":{"footnotes":""},"class_list":["post-74","page","type-page","status-publish","hentry"],"_links":{"self":[{"href":"https:\/\/claireschmittmoeglin-psy.fr\/index.php?rest_route=\/wp\/v2\/pages\/74","targetHints":{"allow":["GET"]}}],"collection":[{"href":"https:\/\/claireschmittmoeglin-psy.fr\/index.php?rest_route=\/wp\/v2\/pages"}],"about":[{"href":"https:\/\/claireschmittmoeglin-psy.fr\/index.php?rest_route=\/wp\/v2\/types\/page"}],"author":[{"embeddable":true,"href":"https:\/\/claireschmittmoeglin-psy.fr\/index.php?rest_route=\/wp\/v2\/users\/1"}],"replies":[{"embeddable":true,"href":"https:\/\/claireschmittmoeglin-psy.fr\/index.php?rest_route=%2Fwp%2Fv2%2Fcomments&post=74"}],"version-history":[{"count":5,"href":"https:\/\/claireschmittmoeglin-psy.fr\/index.php?rest_route=\/wp\/v2\/pages\/74\/revisions"}],"predecessor-version":[{"id":298,"href":"https:\/\/claireschmittmoeglin-psy.fr\/index.php?rest_route=\/wp\/v2\/pages\/74\/revisions\/298"}],"wp:attachment":[{"href":"https:\/\/claireschmittmoeglin-psy.fr\/index.php?rest_route=%2Fwp%2Fv2%2Fmedia&parent=74"}],"curies":[{"name":"wp","href":"https:\/\/api.w.org\/{rel}","templated":true}]}}